{"id":4805,"date":"2025-11-19T10:28:01","date_gmt":"2025-11-19T10:28:01","guid":{"rendered":"https:\/\/xn--glkoosimonitor-hsb.ee\/?post_type=product&#038;p=4805"},"modified":"2025-11-27T13:41:42","modified_gmt":"2025-11-27T13:41:42","slug":"linx-glukoosimonitori-katteplaaster-n4-tattoo","status":"publish","type":"product","link":"https:\/\/xn--glkoosimonitor-hsb.ee\/en\/product\/linx-glukoosimonitori-katteplaaster-n4-tattoo\/","title":{"rendered":"Linx gl\u00fckoosimonitori katteplaaster N4"},"content":{"rendered":"<div class=\"ama-block block-txtmedia type-img-crop\"><div class=\"block__body\"><div class=\"block-txtmedia__content\"><div class=\"acf-innerblocks-container\">\n\n<h2 class=\"wp-block-heading wp-el\">Omadused<\/h2>\n\n\n\n<ul class=\"wp-block-list wp-el\">\n<li><strong>Veekindel:<\/strong> Usaldusv\u00e4\u00e4rne kaitse igas olukorras \u2013 du\u0161\u0161i all, ujudes v\u00f5i tugevalt higistades.<\/li>\n\n\n\n<li><strong>Kindlustunne:<\/strong> P\u00fcsib kindlalt paigal ja tagab stabiilse kinnituse kogu 15 p\u00e4evase kandmise perioodi v\u00e4ltel.<\/li>\n\n\n\n<li><strong>Pikaajaline mugavus:<\/strong> Pehmed ja hingavad materjalid tagavad mugavuse ilma naha\u00e4rrituseta.<\/li>\n\n\n\n<li><strong>Sportimiseks sobiv:<\/strong> Loodud liikumiseks. Plaaster p\u00fcsib paigal ka treeningutel, jooksmisel ja intensiivsetel spordialadel.<\/li>\n<\/ul>\n\n<\/div><\/div><div class=\"block-txtmedia__media\"><a href=\"https:\/\/xn--glkoosimonitor-hsb.ee\/wp-content\/uploads\/2025\/11\/Tattoo2-1.jpg\"><img decoding=\"async\" width=\"620\" height=\"440\" src=\"https:\/\/xn--glkoosimonitor-hsb.ee\/wp-content\/uploads\/fly-images\/4814\/Tattoo2-1-620x440-c.jpg\" class=\"attachment-txtmedia\" alt=\"Tattoo2 (1)\" \/><\/a><\/div><\/div><\/div>","protected":false},"excerpt":{"rendered":"<p>Katteplaaster on m\u00f5eldud gl\u00fckoosimonitori kaitsmiseks ja lisakinnituseks. Plaaster on \u00fchekordselt kasutatav ning sobib kasutamiseks kuni 15 p\u00e4eva. Tegemist on mittesteriilse meditsiiniseadmega, mis on m\u00f5eldud gl\u00fckoosisensoreid kasutavatele patsientidele.<\/p>\n<ul>\n<li><strong>V\u00e4rvus:<\/strong><span class=\"v1gmail-apple-converted-space\"> Tattoo<\/span><\/li>\n<li><strong>\u00dchilduvus:<\/strong><span class=\"v1gmail-apple-converted-space\">\u00a0<\/span>Linx CGM<\/li>\n<li><strong>Kasutusaeg:<\/strong><span class=\"v1gmail-apple-converted-space\">\u00a0<\/span>Kuni 15 p\u00e4eva<\/li>\n<li><strong>S\u00e4ilitamine:<\/strong><span class=\"v1gmail-apple-converted-space\">\u00a0<\/span>5\u201330 \u00b0C<\/li>\n<li><strong>K\u00f5lblikkusaeg:<\/strong><span class=\"v1gmail-apple-converted-space\">\u00a0<\/span>5 aastat<\/li>\n<li><strong>Koostis:<\/strong><span class=\"v1gmail-apple-converted-space\">\u00a0<\/span>Nailon, pol\u00fcuretaan, akr\u00fc\u00fclliim<\/li>\n<li><strong>Pakend:<\/strong><span class=\"v1gmail-apple-converted-space\">\u00a0<\/span>4 plaastrit (2 kuu varu)<\/li>\n<\/ul>\n<p><!-- wp:paragraph --><\/p>\n<p>Meditsiiniline plaastrikate on loodud pakkuma kindlat kaitset ja mugavat kandmist igas olukorras. Veekindel disain v\u00f5imaldab k\u00e4ia du\u0161i all, ujuda ja treenida ilma, et peaks muretsema seadme lahti tuleku p\u00e4rast.<\/p>\n<p><!-- \/wp:paragraph --><\/p>\n<p><!-- wp:paragraph --><\/p>\n<p>T\u00e4nu nutikale ehitusele p\u00fcsivad plaastri servad kindlalt paigal ega hakka kandmise ajal lahti rulluma, tagades stabiilse kinnituse kuni\u00a0<strong>15 p\u00e4evaks<\/strong>.<\/p>\n<p><!-- \/wp:paragraph --><\/p>\n<p><!-- wp:paragraph --><\/p>\n<p>Pehmed ja hingavad materjalid pakuvad\u00a0<strong>pikaajalist mugavust<\/strong>, sobides suurep\u00e4raselt nii igap\u00e4evaseks kandmiseks kui ka v\u00e4ga aktiivse eluviisiga inimestele. Plaastrikate ei nihku paigast ka jooksmisel, treeningutel ega intensiivsetel spordialadel.<\/p>\n<p><!-- \/wp:paragraph --><\/p>\n<p><!-- wp:paragraph --><\/p>\n<p>See on usaldusv\u00e4\u00e4rne valik k\u00f5igile, kes soovivad oma gl\u00fckoosimonitori kanda turvaliselt, mugavalt ja ilma muredeta.\u00a0<\/p>\n<p><!-- \/wp:paragraph --><\/p>\n","protected":false},"featured_media":4806,"comment_status":"closed","ping_status":"closed","template":"","meta":{"_acf_changed":true,"inline_featured_image":false},"product_brand":[],"product_cat":[60],"product_tag":[],"class_list":{"0":"post-4805","1":"product","2":"type-product","3":"status-publish","4":"has-post-thumbnail","6":"product_cat-katteplaastrid","8":"first","9":"instock","10":"taxable","11":"shipping-taxable","12":"purchasable","13":"product-type-simple"},"acf":[],"_links":{"self":[{"href":"https:\/\/xn--glkoosimonitor-hsb.ee\/en\/wp-json\/wp\/v2\/product\/4805","targetHints":{"allow":["GET"]}}],"collection":[{"href":"https:\/\/xn--glkoosimonitor-hsb.ee\/en\/wp-json\/wp\/v2\/product"}],"about":[{"href":"https:\/\/xn--glkoosimonitor-hsb.ee\/en\/wp-json\/wp\/v2\/types\/product"}],"replies":[{"embeddable":true,"href":"https:\/\/xn--glkoosimonitor-hsb.ee\/en\/wp-json\/wp\/v2\/comments?post=4805"}],"wp:featuredmedia":[{"embeddable":true,"href":"https:\/\/xn--glkoosimonitor-hsb.ee\/en\/wp-json\/wp\/v2\/media\/4806"}],"wp:attachment":[{"href":"https:\/\/xn--glkoosimonitor-hsb.ee\/en\/wp-json\/wp\/v2\/media?parent=4805"}],"wp:term":[{"taxonomy":"product_brand","embeddable":true,"href":"https:\/\/xn--glkoosimonitor-hsb.ee\/en\/wp-json\/wp\/v2\/product_brand?post=4805"},{"taxonomy":"product_cat","embeddable":true,"href":"https:\/\/xn--glkoosimonitor-hsb.ee\/en\/wp-json\/wp\/v2\/product_cat?post=4805"},{"taxonomy":"product_tag","embeddable":true,"href":"https:\/\/xn--glkoosimonitor-hsb.ee\/en\/wp-json\/wp\/v2\/product_tag?post=4805"}],"curies":[{"name":"wp","href":"https:\/\/api.w.org\/{rel}","templated":true}]}}