{"id":6149,"date":"2026-04-17T11:17:12","date_gmt":"2026-04-17T11:17:12","guid":{"rendered":"https:\/\/xn--glkoosimonitor-hsb.ee\/?post_type=product&#038;p=6149"},"modified":"2026-04-27T08:39:10","modified_gmt":"2026-04-27T08:39:10","slug":"the-bag","status":"publish","type":"product","link":"https:\/\/xn--glkoosimonitor-hsb.ee\/ru\/tovar\/the-bag\/","title":{"rendered":"The Bag"},"content":{"rendered":"<div class=\"ama-block block-bgcolor is-style-light-blue full-width\"><div class=\"acf-innerblocks-container\">\n<div class=\"ama-block block-txtmedia reverse-order type-img-soft\"><div class=\"block__body\"><div class=\"block-txtmedia__content\"><div class=\"acf-innerblocks-container\">\n\n<h2 class=\"wp-block-heading has-dark-blue-color has-text-color has-link-color wp-elements-1dc36e704926ca2a635a0e9dc1c35c9d wp-el\">Nutikas jahutus \u2013 iseenesest<\/h2>\n\n\n\n<p class=\"has-medium-font-size wp-el\">The Bag on iseseisvalt t\u00f6\u00f6tav jahutuslahendus. Ei mingit leotamist, laadimist ega k\u00fclmutamist \u2013 lihtsalt pane insuliin kotti ja kott teeb \u00fclej\u00e4\u00e4nu ise.<\/p>\n\n\n\n<p class=\"has-medium-font-size wp-el\">Kott hoiab sisetemperatuuri stabiilselt toatemperatuuril isegi palaval suvep\u00e4eval, reisil v\u00f5i t\u00f6\u00f6l.<\/p>\n\n<\/div><\/div><div class=\"block-txtmedia__media\"><a href=\"https:\/\/xn--glkoosimonitor-hsb.ee\/wp-content\/uploads\/2026\/04\/2-2.png\"><img decoding=\"async\" width=\"730\" height=\"730\" src=\"https:\/\/xn--glkoosimonitor-hsb.ee\/wp-content\/uploads\/fly-images\/6328\/2-2-730x730.png\" class=\"attachment-txtmedia-soft\" alt=\"2 (2)\" \/><\/a><\/div><\/div><\/div>\n\n<div class=\"ama-block block-txtmedia is-style-default type-img-soft\"><div class=\"block__body\"><div class=\"block-txtmedia__content\"><div class=\"acf-innerblocks-container\">\n\n<h2 class=\"wp-block-heading has-dark-blue-color has-text-color has-link-color wp-elements-d2df9370f1e7f24b04a40800ba476f1b wp-el\">Kuidas see t\u00f6\u00f6tab?<\/h2>\n\n\n\n<p class=\"has-medium-font-size wp-el\">Koti sees on spetsiaalne jahutusmaterjal, mis aktiveerub automaatselt temperatuuril \u00fcle 25\u00b0C. Soojuse neeldumisel muutub materjal tahkest vedelaks \u2013 nii hoitakse insuliin turvalises temperatuurivahemikus, kuni 11 tundi 35\u00b0C juures.<\/p>\n\n\n\n<p class=\"has-medium-font-size wp-el\"><strong>Tehnilised andmed<\/strong><\/p>\n\n\n\n<ul class=\"wp-block-list wp-el\">\n<li>Jahutusaeg 35\u00b0C juures: 11+ tundi<\/li>\n\n\n\n<li>Maksimaalne kaitsetemperatuur: kuni 54\u00b0C<\/li>\n\n\n\n<li>Mahutavus: kuni 5 insuliinipliiatsit<\/li>\n\n\n\n<li>M\u00f5\u00f5dud: k\u00f5rgus 8 cm \u00d7 laius 20 cm \u00d7 s\u00fcgavus 8 cm<\/li>\n\n\n\n<li>Garantii: 3 aastat<\/li>\n\n\n\n<li>Kasutusiaeg: 10 aastat<\/li>\n<\/ul>\n\n\n\n<p class=\"has-medium-font-size wp-el\"><strong>Lisad<\/strong><\/p>\n\n\n\n<ul class=\"wp-block-list wp-el\">\n<li>Tasku n\u00f5elte jaoks<\/li>\n\n\n\n<li>Tasku InsulinSaver temperatuurianduri jaoks<\/li>\n<\/ul>\n\n\n\n<p class=\"has-medium-font-size wp-el\"><strong>The Bag<\/strong> <strong>on lihtne, usaldusv\u00e4\u00e4rne ja innovaatiline viis hoida insuliin alati \u00f5igel temperatuuril \u2013 ilma lisatehnikata ja liigse vaevata.<\/strong><\/p>\n\n<\/div><\/div><div class=\"block-txtmedia__media\"><a href=\"https:\/\/xn--glkoosimonitor-hsb.ee\/wp-content\/uploads\/2026\/04\/1-1.png\"><img decoding=\"async\" width=\"730\" height=\"730\" src=\"https:\/\/xn--glkoosimonitor-hsb.ee\/wp-content\/uploads\/fly-images\/6336\/1-1-730x730.png\" class=\"attachment-txtmedia-soft\" alt=\"1\" \/><\/a><\/div><\/div><\/div>\n\n<div class=\"ama-block block-txtmedia reverse-order type-img-soft\"><div class=\"block__body\"><div class=\"block-txtmedia__content\"><div class=\"acf-innerblocks-container\">\n\n<h2 class=\"wp-block-heading has-dark-blue-color has-text-color has-link-color wp-elements-59ffd89bcdcbddaaedc8b3a734baf730 wp-el\">The Bag + InsulinSaver \u2013 turvaline lahendus<\/h2>\n\n\n\n<p class=\"has-medium-font-size wp-el\"><strong>The Bag<\/strong> hoiab insuliini jahedana, samal ajal kui <strong>InsulinSaver<\/strong> j\u00e4lgib temperatuuri ja annab m\u00e4rku, kui midagi peaks valesti minema.<\/p>\n\n\n\n<p class=\"has-medium-font-size wp-el\">Vabadus ja meelerahu \u2013 \u00fclesk\u00f5ik kuhu elu sind viib.<\/p>\n\n\n\n<div class=\"wp-block-buttons is-layout-flex wp-block-buttons-is-layout-flex\">\n<div class=\"wp-block-button\"><a class=\"wp-block-button__link has-yellow-background-color has-background wp-element-button\" href=\"https:\/\/xn--glkoosimonitor-hsb.ee\/toode\/insulinsaver\/\">Tutvu InsulinSaver&#8217;iga<\/a><\/div>\n<\/div>\n\n<\/div><\/div><div class=\"block-txtmedia__media\"><a href=\"https:\/\/xn--glkoosimonitor-hsb.ee\/wp-content\/uploads\/2026\/04\/insuliini-kott-5-1280x1280.jpg\"><img decoding=\"async\" width=\"730\" height=\"730\" src=\"https:\/\/xn--glkoosimonitor-hsb.ee\/wp-content\/uploads\/fly-images\/6187\/insuliini-kott-5-730x730.jpg\" class=\"attachment-txtmedia-soft\" alt=\"insuliini-kott-5\" \/><\/a><\/div><\/div><\/div>\n\n<div class=\"ama-block block-infobox block-infobox--dark-blue\"><div class=\"acf-innerblocks-container\">\n\n<h2 class=\"wp-block-heading has-dark-blue-color has-text-color has-link-color wp-elements-078300fb7f7fd20e229074e65bf74877 wp-el\">Kasulik teada<\/h2>\n\n\n\n<p class=\"has-medium-font-size wp-el\">Kui kott saabub veidi punnis v\u00f5i kortsus, pole muret \u2013 see on normaalne.&nbsp;<\/p>\n\n\n\n<ul class=\"wp-block-list wp-el\">\n<li class=\"has-medium-font-size\">Soojenda kotti umbes 50\u00b0C juures ~2 tundi, kuni materjal pehmeb.<\/li>\n\n\n\n<li class=\"has-medium-font-size\">Vormi kott soovitud kujule.<\/li>\n\n\n\n<li class=\"has-medium-font-size\">Lase jahtuda lukk avatuna \u2013 seej\u00e4rel hoiab kott kuju.<\/li>\n<\/ul>\n\n<\/div><\/div>\n<\/div><\/div>","protected":false},"excerpt":{"rendered":"<p>S\u00e4ilitab insuliini ohutult \u2013 ilma vaeva ja muretsemiseta.<\/p>\n<p>Kiire tarne pakiautomaati<\/p>\n","protected":false},"featured_media":6185,"comment_status":"closed","ping_status":"closed","template":"","meta":{"_acf_changed":true,"inline_featured_image":false},"product_brand":[],"product_cat":[63],"product_tag":[],"class_list":{"0":"post-6149","1":"product","2":"type-product","3":"status-publish","4":"has-post-thumbnail","6":"product_cat-insuliini-hoiustamine","8":"first","9":"instock","10":"taxable","11":"shipping-taxable","12":"purchasable","13":"product-type-simple"},"acf":[],"_links":{"self":[{"href":"https:\/\/xn--glkoosimonitor-hsb.ee\/ru\/wp-json\/wp\/v2\/product\/6149","targetHints":{"allow":["GET"]}}],"collection":[{"href":"https:\/\/xn--glkoosimonitor-hsb.ee\/ru\/wp-json\/wp\/v2\/product"}],"about":[{"href":"https:\/\/xn--glkoosimonitor-hsb.ee\/ru\/wp-json\/wp\/v2\/types\/product"}],"replies":[{"embeddable":true,"href":"https:\/\/xn--glkoosimonitor-hsb.ee\/ru\/wp-json\/wp\/v2\/comments?post=6149"}],"wp:featuredmedia":[{"embeddable":true,"href":"https:\/\/xn--glkoosimonitor-hsb.ee\/ru\/wp-json\/wp\/v2\/media\/6185"}],"wp:attachment":[{"href":"https:\/\/xn--glkoosimonitor-hsb.ee\/ru\/wp-json\/wp\/v2\/media?parent=6149"}],"wp:term":[{"taxonomy":"product_brand","embeddable":true,"href":"https:\/\/xn--glkoosimonitor-hsb.ee\/ru\/wp-json\/wp\/v2\/product_brand?post=6149"},{"taxonomy":"product_cat","embeddable":true,"href":"https:\/\/xn--glkoosimonitor-hsb.ee\/ru\/wp-json\/wp\/v2\/product_cat?post=6149"},{"taxonomy":"product_tag","embeddable":true,"href":"https:\/\/xn--glkoosimonitor-hsb.ee\/ru\/wp-json\/wp\/v2\/product_tag?post=6149"}],"curies":[{"name":"wp","href":"https:\/\/api.w.org\/{rel}","templated":true}]}}