{"id":6240,"date":"2026-04-23T12:33:31","date_gmt":"2026-04-23T12:33:31","guid":{"rendered":"https:\/\/xn--glkoosimonitor-hsb.ee\/?post_type=product&#038;p=6240"},"modified":"2026-04-27T08:39:01","modified_gmt":"2026-04-27T08:39:01","slug":"insulinsaver","status":"publish","type":"product","link":"https:\/\/xn--glkoosimonitor-hsb.ee\/ru\/tovar\/insulinsaver\/","title":{"rendered":"InsulinSaver"},"content":{"rendered":"<div class=\"ama-block block-bgcolor is-style-light-green full-width\"><div class=\"acf-innerblocks-container\">\n<div class=\"ama-block block-txtmedia reverse-order type-img-crop\"><div class=\"block__body\"><div class=\"block-txtmedia__content\"><div class=\"acf-innerblocks-container\">\n\n<h2 class=\"wp-block-heading has-dark-green-color has-text-color has-link-color wp-elements-36aa8d082413e720661a524047376cae wp-el\">Nutikas termomeeter sinu insuliinile<\/h2>\n\n\n\n<p class=\"has-medium-font-size wp-el\">InsulinSaver on v\u00e4ike, kuid kriitilise t\u00e4htsusega nutiseade, mis j\u00e4lgib pidevalt insuliini temperatuuri ja annab m\u00e4rku, kui see on saanud kahjustada.<\/p>\n\n\n\n<p class=\"has-medium-font-size wp-el\">Seade t\u00f6\u00f6tab t\u00e4ielikult iseseisvalt \u2013 ilma kaablite, rakenduste ja Internetita.<\/p>\n\n<\/div><\/div><div class=\"block-txtmedia__media\"><a href=\"https:\/\/xn--glkoosimonitor-hsb.ee\/wp-content\/uploads\/2026\/04\/3-2.png\"><img decoding=\"async\" width=\"620\" height=\"440\" src=\"https:\/\/xn--glkoosimonitor-hsb.ee\/wp-content\/uploads\/fly-images\/6332\/3-2-620x440-c.png\" class=\"attachment-txtmedia\" alt=\"3 (2)\" \/><\/a><\/div><\/div><\/div>\n\n<div class=\"ama-block block-txtmedia is-style-default type-img-soft\"><div class=\"block__body\"><div class=\"block-txtmedia__content\"><div class=\"acf-innerblocks-container\">\n\n<h2 class=\"wp-block-heading has-dark-green-color has-text-color has-link-color wp-elements-f5ac55a4a8c563e187e97450c0a8d11e wp-el\">Meelerahu sinu taskus<\/h2>\n\n\n\n<p class=\"has-medium-font-size wp-el\">InsulinSaver on kompaktne (26 \u00d7 58 \u00d7 4 mm) ja mugav igap\u00e4evaseks kaasas kandmiseks. Pane see lihtsalt insuliinipliiatsite v\u00f5i ampullide k\u00f5rvale \u2013 seade j\u00e4lgib temperatuuri pidevalt, \u00f6\u00f6p\u00e4evaringselt ja rohkem kui aasta j\u00e4rjest.<\/p>\n\n\n\n<p class=\"has-medium-font-size wp-el\"><strong>Nutikad m\u00e4rgutulukesed<\/strong><\/p>\n\n\n\n<ul class=\"wp-block-list wp-el\">\n<li>Liiga soe \u2192 punane tuli<\/li>\n\n\n\n<li>Liiga k\u00fclm \u2192 sinine tuli<\/li>\n<\/ul>\n\n\n\n<p class=\"wp-el\">Selge ja lihtne \u2013 tead kohe, kui insuliin on saanud kahjustada.<\/p>\n\n\n\n<p class=\"has-medium-font-size wp-el\"><strong>Aku ja kasutusiga<\/strong><\/p>\n\n\n\n<ul class=\"wp-block-list wp-el\">\n<li>Aku kestvus: <strong>~18 kuud pidevat kasutamist<\/strong><\/li>\n\n\n\n<li>Garanteeritud t\u00f6\u00f6aeg: <strong>12 kuud<\/strong><\/li>\n\n\n\n<li>Aku: <strong>vahetatav<\/strong><\/li>\n\n\n\n<li>Seadme eluiga: <strong>kuni 10 aastat<\/strong><\/li>\n<\/ul>\n\n\n\n<p class=\"has-medium-font-size wp-el\"><strong>Soovitus<\/strong><\/p>\n\n\n\n<p class=\"wp-el\">Maksimaalse kindluse tagamiseks soovitame:<\/p>\n\n\n\n<ul class=\"wp-block-list wp-el\">\n<li>1 InsulinSaver igap\u00e4evaselt kaasas oleva insuliini jaoks<\/li>\n\n\n\n<li>1 InsulinSaver kodus hoiustatava insuliini jaoks<\/li>\n<\/ul>\n\n\n\n<p class=\"wp-el\"><strong>Komplektis<\/strong><\/p>\n\n\n\n<ul class=\"wp-block-list wp-el\">\n<li>1 \u00d7 InsulinSaver seade<\/li>\n<\/ul>\n\n\n\n<p class=\"has-medium-font-size wp-el\"><strong>InsulinSaver<\/strong> <strong>on lihtne, usaldusv\u00e4\u00e4rne ja h\u00e4davajalik abivahend, mis annab sulle kindluse, et sinu insuliin on alati \u00f5igetes tingimustes \u2013 ilma keeruliste seadistuste v\u00f5i lisatehnikata.<\/strong><\/p>\n\n<\/div><\/div><div class=\"block-txtmedia__media\"><a href=\"https:\/\/xn--glkoosimonitor-hsb.ee\/wp-content\/uploads\/2026\/04\/InsuliiniKaitse-.png\"><img decoding=\"async\" width=\"730\" height=\"730\" src=\"https:\/\/xn--glkoosimonitor-hsb.ee\/wp-content\/uploads\/fly-images\/6296\/InsuliiniKaitse--730x730.png\" class=\"attachment-txtmedia-soft\" alt=\"InsuliiniKaitse\" \/><\/a><\/div><\/div><\/div>\n\n<div class=\"ama-block block-txtmedia is-style-default reverse-order type-img-soft\"><div class=\"block__body\"><div class=\"block-txtmedia__content\"><div class=\"acf-innerblocks-container\">\n\n<h2 class=\"wp-block-heading has-dark-green-color has-text-color has-link-color wp-elements-6b1302f19a56024bcc293580fce8c4bb wp-el\">The Bag + InsulinSaver \u2013 turvaline lahendus<\/h2>\n\n\n\n<p class=\"has-medium-font-size wp-el\"><strong>The Bag<\/strong> hoiab insuliini jahedana, samal ajal kui <strong>InsulinSaver<\/strong> j\u00e4lgib temperatuuri ja annab m\u00e4rku, kui midagi peaks valesti minema.<\/p>\n\n\n\n<p class=\"has-medium-font-size wp-el\">Koos pakuvad need sulle vabadust ja meelerahu \u2013 \u00fclesk\u00f5ik kuhu elu sind viib.<\/p>\n\n\n\n<div class=\"wp-block-buttons is-layout-flex wp-block-buttons-is-layout-flex\">\n<div class=\"wp-block-button is-style-fill\"><a class=\"wp-block-button__link has-dark-green-background-color has-background wp-element-button\" href=\"https:\/\/xn--glkoosimonitor-hsb.ee\/toode\/the-bag\/\">Tutvu The Bag&#8217;iga<\/a><\/div>\n<\/div>\n\n<\/div><\/div><div class=\"block-txtmedia__media\"><a href=\"https:\/\/xn--glkoosimonitor-hsb.ee\/wp-content\/uploads\/2026\/04\/insulinsaver-the-bag-light-green-1280x1280.webp\"><img decoding=\"async\" width=\"730\" height=\"730\" src=\"https:\/\/xn--glkoosimonitor-hsb.ee\/wp-content\/uploads\/fly-images\/6316\/insulinsaver-the-bag-light-green-730x730.webp\" class=\"attachment-txtmedia-soft\" alt=\"insulinsaver-the-bag-light-green\" \/><\/a><\/div><\/div><\/div>\n<\/div><\/div>","protected":false},"excerpt":{"rendered":"<p>Tea alati, kas su insuliin on turvaliselt hoiustatud.<\/p>\n<p>Kiire tarne pakiautomaati<\/p>\n","protected":false},"featured_media":6314,"comment_status":"closed","ping_status":"closed","template":"","meta":{"_acf_changed":true,"inline_featured_image":false},"product_brand":[],"product_cat":[63],"product_tag":[],"class_list":{"0":"post-6240","1":"product","2":"type-product","3":"status-publish","4":"has-post-thumbnail","6":"product_cat-insuliini-hoiustamine","8":"first","9":"instock","10":"taxable","11":"shipping-taxable","12":"purchasable","13":"product-type-simple"},"acf":[],"_links":{"self":[{"href":"https:\/\/xn--glkoosimonitor-hsb.ee\/ru\/wp-json\/wp\/v2\/product\/6240","targetHints":{"allow":["GET"]}}],"collection":[{"href":"https:\/\/xn--glkoosimonitor-hsb.ee\/ru\/wp-json\/wp\/v2\/product"}],"about":[{"href":"https:\/\/xn--glkoosimonitor-hsb.ee\/ru\/wp-json\/wp\/v2\/types\/product"}],"replies":[{"embeddable":true,"href":"https:\/\/xn--glkoosimonitor-hsb.ee\/ru\/wp-json\/wp\/v2\/comments?post=6240"}],"wp:featuredmedia":[{"embeddable":true,"href":"https:\/\/xn--glkoosimonitor-hsb.ee\/ru\/wp-json\/wp\/v2\/media\/6314"}],"wp:attachment":[{"href":"https:\/\/xn--glkoosimonitor-hsb.ee\/ru\/wp-json\/wp\/v2\/media?parent=6240"}],"wp:term":[{"taxonomy":"product_brand","embeddable":true,"href":"https:\/\/xn--glkoosimonitor-hsb.ee\/ru\/wp-json\/wp\/v2\/product_brand?post=6240"},{"taxonomy":"product_cat","embeddable":true,"href":"https:\/\/xn--glkoosimonitor-hsb.ee\/ru\/wp-json\/wp\/v2\/product_cat?post=6240"},{"taxonomy":"product_tag","embeddable":true,"href":"https:\/\/xn--glkoosimonitor-hsb.ee\/ru\/wp-json\/wp\/v2\/product_tag?post=6240"}],"curies":[{"name":"wp","href":"https:\/\/api.w.org\/{rel}","templated":true}]}}